{"id":881,"date":"2024-08-19T19:28:36","date_gmt":"2024-08-19T16:28:36","guid":{"rendered":"https:\/\/salaojat.sivut-yritykselle.fi\/?page_id=881"},"modified":"2026-01-13T15:36:14","modified_gmt":"2026-01-13T13:36:14","slug":"general-terms-and-conditions","status":"publish","type":"page","link":"https:\/\/www.saloton.fi\/en\/yleiset-sopimusehdot\/","title":{"rendered":"General terms and conditions"},"content":{"rendered":"<p>\u00a0<\/p>\n<p><b>Saloton Oy's general terms and conditions<\/b><\/p>\n<p>General terms and conditions valid from 1.11.2020. Saloton Oy (business ID: 2435975-5) reserves the right to amend these terms and conditions by unilateral decision without prior notice. Orders are subject to the terms and conditions in force at the time of ordering. Changes in the law shall enter into force immediately, unless otherwise provided by law.<\/p>\n<p>These terms and conditions apply to products and services sold by Saloton Oy (hereinafter referred to as the Supplier) related to home maintenance and upkeep. The Service shall be performed by the Supplier's installers or subcontractors using equipment and methods specified by the Supplier and approved by the Customer. The Supplier shall be responsible for the proper and professional performance of the work.<\/p>\n<p>The supplier sells services and products to adult individuals, companies and communities. The supplier reserves the right to change the prices indicated in the online shop.<\/p>\n<p>The consumer legislation in force in Finland and the European Union applies to consumer transactions. The Finnish Commercial Code shall apply to the commercial contract between business customers and Saloton Oy, unless otherwise specified in these terms and conditions.<\/p>\n<p>The customer (Subscriber) is obliged to provide full contact details when placing an order, including at least name, address, telephone number and e-mail address for a consumer customer.<\/p>\n<p>The Client is responsible for ensuring that the Supplier has access to all necessary places on the site, for example, all necessary apartments in a housing company. The Supplier shall be responsible for cleaning up after his work in the apartment or other premises. The Contractor shall be responsible for the protection of valuable or sensitive objects and materials. The Client shall inform the Supplier of any particularly sensitive materials, equipment, pipes, etc. installed in contravention of building regulations, so that the Supplier can carry out the work with particular care and discuss any risks with the Client before carrying out the work. The Supplier shall not be liable for any damage or additional costs caused by solutions installed in violation of building regulations.<\/p>\n<p>If the maintenance site or part of it is located in a particularly difficult location, requiring structural demolition work, the measures will be carried out as comprehensively as is possible with standard equipment without extensive demolition work, unless otherwise specified in the order confirmation. Where the work requires lifting\/excavation equipment, the Supplier shall be entitled to charge the Customer for the cost of hiring such equipment, unless otherwise specified in the Contract.<\/p>\n<p>The Contracting Entity shall be responsible for the consumption of electricity, water and energy during the work on the site. The contracting entity shall be responsible for the accuracy of the information provided. In the event of material errors in the information provided to the Supplier (e.g. floor area, number of floors\/buildings or roofing material), the Supplier shall be entitled to charge the Client the difference between the price based on the incorrect information and the list price calculated on the basis of the actual data of the site.<\/p>\n<p>The Supplier has the right to cite the work performed for the Customer as a reference, unless the Customer expressly prohibits this. Exact identification data (names of persons, exact street address, unless it is clear from the name of the housing company) shall not be indicated in the reference advertisements.<\/p>\n<p><b>Delivery conditions<\/b><\/p>\n<p><b>\u00a0<\/b><\/p>\n<p>The prices given on the Saloton Oy website include, in addition to the work, the cost of delivery of equipment\/materials and travel expenses to the work site, unless otherwise stated. The calculator will also give the estimated cost after the household deduction, however, the tax authorities will decide whether to allow the deductions for the Subscriber's tax purposes. In the case of items invoiced according to actuals, e.g. services marked \u201dHourly work\u201d (h), a 15 % variance will be accepted without special agreement. Prices quoted on the Saloton Ltd website include VAT at the current VAT rate. If the product offered\/ordered is not available from the wholesaler or manufacturer, the Supplier shall be entitled to submit a new offer to the Customer with an alternative product and price.<\/p>\n<p>Tilaaja sitoutuu jokaisen tilauksen yhteydess\u00e4 voimass\u00a0oleviin toimitusehtoihin. Sitova kauppasopimus astuu voimaan tilauksen\u00a0kirjauduttua Saloton Oy:n tilausj\u00e4rjestelm\u00e4\u00e4n. Saloton Oy- tarjoamat palvelut\u00a0ovat saatavilla tietyille alueille Suomessa. Verkkokaupan postinumerovalitsin\u00a0kertoo saatavuuden palvelukohtaisesti, mik\u00e4li palvelu on verkkomyynniss\u00e4.<\/p>\n<p>\u00a0<\/p>\n<p>The site must be accessed by a solid driveway. If the site is located on an island at the end of a waterway or in another difficult-to-access location, the Supplier shall be entitled to charge the Customer for the cost of travel and travel time.<\/p>\n<p><b>Order confirmation and scheduling<\/b><\/p>\n<p><b>\u00a0<\/b><\/p>\n<p>The Supplier sends an order confirmation by e-mail, where the Subscriber can see the products and services ordered. If the delivery of the ordered service so requires, the Supplier will contact the Customer separately to agree on a time schedule.<\/p>\n<p>Toimittaja suorittaa palvelun sovitussa aikataulussa, mutta mik\u00e4li aikataulua joudutaan muuttamaan ennakoimattomasta syyst\u00e4, on Toimittaja yhteydess\u00e4 Tilaajaan. Tietyt palvelut (esim. kattoty\u00f6t) suoritetaan s\u00e4\u00e4varauksella. Mik\u00e4li vallitseva s\u00e4\u00e4tila est\u00e4\u00e4 palvelun suorittamisen ennakkoon sovittuna ajankohtana, Toimittaja tarjoaa uuden vapaan ajankohdan. Asiakas voi pyyt\u00e4\u00e4 toista aikaa tai peruuttaa tilauksen t\u00e4ss\u00e4 kohtaa.\u00a0Taloyhti\u00f6iden huoneistokohtaisista erityisaikataulutuksista\u00a0Toimittajalla on oikeus veloittaa 50 eur \/ kpl sis. alv muiden sovittujen\u00a0veloitusten lis\u00e4ksi.<\/p>\n<p>\u00a0<\/p>\n<p><b>Payment methods<\/b><\/p>\n<p><b>\u00a0<\/b><\/p>\n<p>An order confirmation and an invoice will be sent to the Customer for the ordered works and materials. The Supplier shall invoice the Customer only after the work has been performed, except in cases where advance invoicing or an instalment plan has been agreed. The invoice shall be sent by e-mail, e-invoice and paper invoice by post. The payment method is bank transfer. Payment term 7 days net or as agreed.<\/p>\n<p>The option to pay by instalments may be granted to a consumer customer with a good credit history. Instalment requests will be dealt with on a case-by-case basis. The Supplier has the right to check the Subscriber's credit history. The Supplier has the right not to grant credit to the Subscriber. In the event that an invoice is addressed to a third party at the request of the Subscriber, the Subscriber shall be ultimately responsible for the payment of all obligations to the Supplier.<\/p>\n<p><b>Cancellation policy<\/b><\/p>\n<p><b>\u00a0<\/b><\/p>\n<p>The consumer-customer has the right to cancel the order within fourteen days of receipt of the order confirmation or as provided for in the Consumer Protection Act. Cancellation must be made by telephone or e-mail to the Supplier. If the cancellation is made less than 24 hours before the start of the agreed work, the Supplier is entitled to charge a cancellation fee of EUR 100 incl. VAT per apartment. If the order includes customized products, these products do not have the right of cancellation in accordance with Finnish consumer protection legislation.<\/p>\n<p><b>Reporting and complaints<\/b><\/p>\n<p><b>\u00a0<\/b><\/p>\n<p>All measures will be communicated to the Client by e-mail after the work has been completed. Complaints about the performance of the Work shall be made in writing by letter or e-mail to the Supplier within seven days of the performance of the Work. The Supplier or its partner (e.g. an insurance company's damage inspector) shall have the right to inspect the object of the complaint on site.<\/p>\n<p><b>Guarantee, liability<\/b><\/p>\n<p><b>\u00a0<\/b><\/p>\n<p>The supplier gives a 12-month guarantee on his work. The warranty for equipment purchased through the Supplier shall be governed by the warranty terms of the equipment manufacturer, unless otherwise agreed.  Any damage caused by the Supplier on the site shall be covered primarily by the Supplier's liability insurance.<\/p>\n<p><b>Disputes<\/b><\/p>\n<p><b>\u00a0<\/b><\/p>\n<p>If a dispute arises over a commercial contract which cannot be resolved by negotiation between the parties, the consumer can refer the matter to the Consumer Dispute Board (www.kuluttajariita.fi) or the European Commission's online dispute resolution service (https:\/\/webgate.ec.europa.eu\/odr\/). Non-consumer customers: disputes arising from the contract will be resolved primarily by negotiation between the contracting parties, failing which the dispute may be referred to the Vantaa District Court.<\/p>\n<p><a href=\"https:\/\/www.saloton.fi\/en\/yleiset+sopimusehdot\/\">General terms and conditions<\/a><\/p>\n<p><a href=\"https:\/\/www.saloton.fi\/en\/tietosuojaseloste\/\">Privacy policy<\/a><\/p>\n<p><a href=\"https:\/\/www.saloton.fi\/en\/rekry\/\">Job vacancies<\/a><\/p>\n<p><a href=\"https:\/\/www.saloton.fi\/en\/laskutustiedot\/\">Billing information<\/a><\/p>\n\u00a0","protected":false},"excerpt":{"rendered":"<p>\u00a0 Saloton Oy:n yleiset sopimusehdot Yleiset sopimusehdot voimassa 1.11.2020 alkaen. Saloton Oy (y-tunnus: 2435975-5) pid\u00e4tt\u00e4\u00e4 oikeuden muuttaa n\u00e4it\u00e4 sopimusehtoja yksipuolisella p\u00e4\u00e4t\u00f6ksell\u00e4 ilman ennakkoilmoitusta. Tilauksiin sovelletaan tilaushetkell\u00e4 voimassa olevia sopimusehtoja. Laissa tapahtuvat muutokset astuvat voimaan heti sellaisenaan, ellei laissa ole toisin m\u00e4\u00e4r\u00e4tty. N\u00e4it\u00e4 sopimusehtoja sovelletaan Saloton Oy:n (j\u00e4ljemp\u00e4n\u00e4 Toimittaja) myymiin, kodin huoltoon ja yll\u00e4pitoon liittyviin tuotteisiin [&hellip;]<\/p>\n","protected":false},"author":1,"featured_media":0,"parent":0,"menu_order":0,"comment_status":"closed","ping_status":"closed","template":"","meta":{"footnotes":""},"class_list":["post-881","page","type-page","status-publish","hentry"],"yoast_head":"<!-- This site is optimized with the Yoast SEO plugin v27.5 - https:\/\/yoast.com\/product\/yoast-seo-wordpress\/ -->\n<title>Yleiset sopimusehdot - Saloton Oy kiinteist\u00f6nhuollon ammattilainen<\/title>\n<meta name=\"robots\" content=\"index, follow, max-snippet:-1, max-image-preview:large, max-video-preview:-1\" \/>\n<link rel=\"canonical\" href=\"https:\/\/www.saloton.fi\/en\/general-terms-and-conditions\/\" \/>\n<meta property=\"og:locale\" content=\"en_GB\" \/>\n<meta property=\"og:type\" content=\"article\" \/>\n<meta property=\"og:title\" content=\"Yleiset sopimusehdot - Saloton Oy kiinteist\u00f6nhuollon ammattilainen\" \/>\n<meta property=\"og:description\" content=\"\u00a0 Saloton Oy:n yleiset sopimusehdot Yleiset sopimusehdot voimassa 1.11.2020 alkaen. Saloton Oy (y-tunnus: 2435975-5) pid\u00e4tt\u00e4\u00e4 oikeuden muuttaa n\u00e4it\u00e4 sopimusehtoja yksipuolisella p\u00e4\u00e4t\u00f6ksell\u00e4 ilman ennakkoilmoitusta. Tilauksiin sovelletaan tilaushetkell\u00e4 voimassa olevia sopimusehtoja. Laissa tapahtuvat muutokset astuvat voimaan heti sellaisenaan, ellei laissa ole toisin m\u00e4\u00e4r\u00e4tty. N\u00e4it\u00e4 sopimusehtoja sovelletaan Saloton Oy:n (j\u00e4ljemp\u00e4n\u00e4 Toimittaja) myymiin, kodin huoltoon ja yll\u00e4pitoon liittyviin tuotteisiin [&hellip;]\" \/>\n<meta property=\"og:url\" content=\"https:\/\/www.saloton.fi\/en\/general-terms-and-conditions\/\" \/>\n<meta property=\"og:site_name\" content=\"Saloton Oy kiinteist\u00f6nhuollon ammattilainen\" \/>\n<meta property=\"article:publisher\" content=\"https:\/\/fi-fi.facebook.com\/saloton\/\" \/>\n<meta property=\"article:modified_time\" content=\"2026-01-13T13:36:14+00:00\" \/>\n<meta name=\"twitter:card\" content=\"summary_large_image\" \/>\n<meta name=\"twitter:label1\" content=\"Estimated reading time\" \/>\n\t<meta name=\"twitter:data1\" content=\"6 minutes\" \/>\n<script type=\"application\/ld+json\" class=\"yoast-schema-graph\">{\"@context\":\"https:\\\/\\\/schema.org\",\"@graph\":[{\"@type\":\"WebPage\",\"@id\":\"https:\\\/\\\/www.saloton.fi\\\/yleiset-sopimusehdot\\\/\",\"url\":\"https:\\\/\\\/www.saloton.fi\\\/yleiset-sopimusehdot\\\/\",\"name\":\"Yleiset sopimusehdot - Saloton Oy kiinteist\u00f6nhuollon ammattilainen\",\"isPartOf\":{\"@id\":\"https:\\\/\\\/www.saloton.fi\\\/#website\"},\"datePublished\":\"2024-08-19T16:28:36+00:00\",\"dateModified\":\"2026-01-13T13:36:14+00:00\",\"breadcrumb\":{\"@id\":\"https:\\\/\\\/www.saloton.fi\\\/yleiset-sopimusehdot\\\/#breadcrumb\"},\"inLanguage\":\"en-GB\",\"potentialAction\":[{\"@type\":\"ReadAction\",\"target\":[\"https:\\\/\\\/www.saloton.fi\\\/yleiset-sopimusehdot\\\/\"]}]},{\"@type\":\"BreadcrumbList\",\"@id\":\"https:\\\/\\\/www.saloton.fi\\\/yleiset-sopimusehdot\\\/#breadcrumb\",\"itemListElement\":[{\"@type\":\"ListItem\",\"position\":1,\"name\":\"Etusivu\",\"item\":\"https:\\\/\\\/www.saloton.fi\\\/\"},{\"@type\":\"ListItem\",\"position\":2,\"name\":\"Yleiset sopimusehdot\"}]},{\"@type\":\"WebSite\",\"@id\":\"https:\\\/\\\/www.saloton.fi\\\/#website\",\"url\":\"https:\\\/\\\/www.saloton.fi\\\/\",\"name\":\"Saloton Oy\",\"description\":\"\",\"publisher\":{\"@id\":\"https:\\\/\\\/www.saloton.fi\\\/#organization\"},\"potentialAction\":[{\"@type\":\"SearchAction\",\"target\":{\"@type\":\"EntryPoint\",\"urlTemplate\":\"https:\\\/\\\/www.saloton.fi\\\/?s={search_term_string}\"},\"query-input\":{\"@type\":\"PropertyValueSpecification\",\"valueRequired\":true,\"valueName\":\"search_term_string\"}}],\"inLanguage\":\"en-GB\"},{\"@type\":\"Organization\",\"@id\":\"https:\\\/\\\/www.saloton.fi\\\/#organization\",\"name\":\"Saloton Oy\",\"url\":\"https:\\\/\\\/www.saloton.fi\\\/\",\"logo\":{\"@type\":\"ImageObject\",\"inLanguage\":\"en-GB\",\"@id\":\"https:\\\/\\\/www.saloton.fi\\\/#\\\/schema\\\/logo\\\/image\\\/\",\"url\":\"http:\\\/\\\/www.saloton.fi\\\/wp-content\\\/uploads\\\/2024\\\/04\\\/salotonrgb.png\",\"contentUrl\":\"http:\\\/\\\/www.saloton.fi\\\/wp-content\\\/uploads\\\/2024\\\/04\\\/salotonrgb.png\",\"width\":1920,\"height\":577,\"caption\":\"Saloton Oy\"},\"image\":{\"@id\":\"https:\\\/\\\/www.saloton.fi\\\/#\\\/schema\\\/logo\\\/image\\\/\"},\"sameAs\":[\"https:\\\/\\\/fi-fi.facebook.com\\\/saloton\\\/\",\"https:\\\/\\\/www.youtube.com\\\/channel\\\/UCY1A67fJ1mU61kXjzIlLAxA\\\/featured\",\"https:\\\/\\\/www.instagram.com\\\/saloton_oy\\\/\"]}]}<\/script>\n<!-- \/ Yoast SEO plugin. -->","yoast_head_json":{"title":"Yleiset sopimusehdot - Saloton Oy kiinteist\u00f6nhuollon ammattilainen","robots":{"index":"index","follow":"follow","max-snippet":"max-snippet:-1","max-image-preview":"max-image-preview:large","max-video-preview":"max-video-preview:-1"},"canonical":"https:\/\/www.saloton.fi\/en\/general-terms-and-conditions\/","og_locale":"en_GB","og_type":"article","og_title":"Yleiset sopimusehdot - Saloton Oy kiinteist\u00f6nhuollon ammattilainen","og_description":"\u00a0 Saloton Oy:n yleiset sopimusehdot Yleiset sopimusehdot voimassa 1.11.2020 alkaen. Saloton Oy (y-tunnus: 2435975-5) pid\u00e4tt\u00e4\u00e4 oikeuden muuttaa n\u00e4it\u00e4 sopimusehtoja yksipuolisella p\u00e4\u00e4t\u00f6ksell\u00e4 ilman ennakkoilmoitusta. Tilauksiin sovelletaan tilaushetkell\u00e4 voimassa olevia sopimusehtoja. Laissa tapahtuvat muutokset astuvat voimaan heti sellaisenaan, ellei laissa ole toisin m\u00e4\u00e4r\u00e4tty. N\u00e4it\u00e4 sopimusehtoja sovelletaan Saloton Oy:n (j\u00e4ljemp\u00e4n\u00e4 Toimittaja) myymiin, kodin huoltoon ja yll\u00e4pitoon liittyviin tuotteisiin [&hellip;]","og_url":"https:\/\/www.saloton.fi\/en\/general-terms-and-conditions\/","og_site_name":"Saloton Oy kiinteist\u00f6nhuollon ammattilainen","article_publisher":"https:\/\/fi-fi.facebook.com\/saloton\/","article_modified_time":"2026-01-13T13:36:14+00:00","twitter_card":"summary_large_image","twitter_misc":{"Estimated reading time":"6 minutes"},"schema":{"@context":"https:\/\/schema.org","@graph":[{"@type":"WebPage","@id":"https:\/\/www.saloton.fi\/yleiset-sopimusehdot\/","url":"https:\/\/www.saloton.fi\/yleiset-sopimusehdot\/","name":"Yleiset sopimusehdot - Saloton Oy kiinteist\u00f6nhuollon ammattilainen","isPartOf":{"@id":"https:\/\/www.saloton.fi\/#website"},"datePublished":"2024-08-19T16:28:36+00:00","dateModified":"2026-01-13T13:36:14+00:00","breadcrumb":{"@id":"https:\/\/www.saloton.fi\/yleiset-sopimusehdot\/#breadcrumb"},"inLanguage":"en-GB","potentialAction":[{"@type":"ReadAction","target":["https:\/\/www.saloton.fi\/yleiset-sopimusehdot\/"]}]},{"@type":"BreadcrumbList","@id":"https:\/\/www.saloton.fi\/yleiset-sopimusehdot\/#breadcrumb","itemListElement":[{"@type":"ListItem","position":1,"name":"Etusivu","item":"https:\/\/www.saloton.fi\/"},{"@type":"ListItem","position":2,"name":"Yleiset sopimusehdot"}]},{"@type":"WebSite","@id":"https:\/\/www.saloton.fi\/#website","url":"https:\/\/www.saloton.fi\/","name":"Saloton Oy","description":"","publisher":{"@id":"https:\/\/www.saloton.fi\/#organization"},"potentialAction":[{"@type":"SearchAction","target":{"@type":"EntryPoint","urlTemplate":"https:\/\/www.saloton.fi\/?s={search_term_string}"},"query-input":{"@type":"PropertyValueSpecification","valueRequired":true,"valueName":"search_term_string"}}],"inLanguage":"en-GB"},{"@type":"Organization","@id":"https:\/\/www.saloton.fi\/#organization","name":"Saloton Oy","url":"https:\/\/www.saloton.fi\/","logo":{"@type":"ImageObject","inLanguage":"en-GB","@id":"https:\/\/www.saloton.fi\/#\/schema\/logo\/image\/","url":"http:\/\/www.saloton.fi\/wp-content\/uploads\/2024\/04\/salotonrgb.png","contentUrl":"http:\/\/www.saloton.fi\/wp-content\/uploads\/2024\/04\/salotonrgb.png","width":1920,"height":577,"caption":"Saloton Oy"},"image":{"@id":"https:\/\/www.saloton.fi\/#\/schema\/logo\/image\/"},"sameAs":["https:\/\/fi-fi.facebook.com\/saloton\/","https:\/\/www.youtube.com\/channel\/UCY1A67fJ1mU61kXjzIlLAxA\/featured","https:\/\/www.instagram.com\/saloton_oy\/"]}]}},"_links":{"self":[{"href":"https:\/\/www.saloton.fi\/en\/wp-json\/wp\/v2\/pages\/881","targetHints":{"allow":["GET"]}}],"collection":[{"href":"https:\/\/www.saloton.fi\/en\/wp-json\/wp\/v2\/pages"}],"about":[{"href":"https:\/\/www.saloton.fi\/en\/wp-json\/wp\/v2\/types\/page"}],"author":[{"embeddable":true,"href":"https:\/\/www.saloton.fi\/en\/wp-json\/wp\/v2\/users\/1"}],"replies":[{"embeddable":true,"href":"https:\/\/www.saloton.fi\/en\/wp-json\/wp\/v2\/comments?post=881"}],"version-history":[{"count":0,"href":"https:\/\/www.saloton.fi\/en\/wp-json\/wp\/v2\/pages\/881\/revisions"}],"wp:attachment":[{"href":"https:\/\/www.saloton.fi\/en\/wp-json\/wp\/v2\/media?parent=881"}],"curies":[{"name":"wp","href":"https:\/\/api.w.org\/{rel}","templated":true}]}}