{"id":6550,"date":"2026-04-21T10:45:52","date_gmt":"2026-04-21T07:45:52","guid":{"rendered":"https:\/\/www.saloton.fi\/?page_id=6550"},"modified":"2026-04-21T10:56:06","modified_gmt":"2026-04-21T07:56:06","slug":"ymparisto","status":"publish","type":"page","link":"https:\/\/www.saloton.fi\/en\/ymparisto\/","title":{"rendered":"ymp\u00e4rist\u00f6"},"content":{"rendered":"<div data-elementor-type=\"wp-page\" data-elementor-id=\"6550\" class=\"elementor elementor-6550\" data-elementor-post-type=\"page\">\n\t\t\t\t<div class=\"elementor-element elementor-element-74044df e-con-full e-flex e-con e-parent\" data-id=\"74044df\" data-element_type=\"container\" data-e-type=\"container\" data-settings=\"{&quot;background_background&quot;:&quot;classic&quot;}\">\n\t\t\t\t<div class=\"elementor-element elementor-element-c838de2 elementor-widget elementor-widget-heading\" data-id=\"c838de2\" data-element_type=\"widget\" data-e-type=\"widget\" data-widget_type=\"heading.default\">\n\t\t\t\t\t<h2 class=\"elementor-heading-title elementor-size-default\">Saloton Oy, ymp\u00e4rist\u00f6lupaus<\/h2>\t\t\t\t<\/div>\n\t\t\t\t<\/div>\n\t\t<div class=\"elementor-element elementor-element-c69f392 e-flex e-con-boxed e-con e-parent\" data-id=\"c69f392\" data-element_type=\"container\" data-e-type=\"container\">\n\t\t\t\t\t<div class=\"e-con-inner\">\n\t\t\t\t<div class=\"elementor-element elementor-element-bb43e1c elementor-widget elementor-widget-text-editor\" data-id=\"bb43e1c\" data-element_type=\"widget\" data-e-type=\"widget\" data-widget_type=\"text-editor.default\">\n\t\t\t\t\t\t\t\t\t<p>Saloton Oy sitoutuu kehitt\u00e4m\u00e4\u00e4n ja seuraamaan ymp\u00e4rist\u00f6asioita osana palvelutuotantoa. Ty\u00f6n ytimess\u00e4 on kiinteist\u00f6jen loka-, sadevesi- ja rasvakaivojen sek\u00e4 vastaavien j\u00e4te- ja viem\u00e4rij\u00e4rjestelmien huolto ja tyhjennys: n\u00e4ill\u00e4 toimenpiteill\u00e4 ehk\u00e4ist\u00e4\u00e4n tukoksia, vuotoja ja ei-toivottua kuormitusta viem\u00e4reihin ja ymp\u00e4rist\u00f6\u00f6n, kun ty\u00f6 tehd\u00e4\u00e4n ohjeiden ja voimassa olevan s\u00e4\u00e4ntelyn mukaisesti.<\/p><p>Kiinteist\u00f6jen vesi- ja viem\u00e4ripalveluissa, kuivauksessa, imuroinnissa ja muissa toiminnoissa pyrit\u00e4\u00e4n lis\u00e4ksi v\u00e4hent\u00e4m\u00e4\u00e4n omaa ymp\u00e4rist\u00f6kuormitusta, lajittelemaan j\u00e4tteet oikein ja noudattamaan s\u00e4\u00e4d\u00f6ksi\u00e4 ja asiakasohjeita. Ymp\u00e4rist\u00f6ohjelma ja toimenpiteet on kuvattu Ekokompassi-j\u00e4rjestelm\u00e4ss\u00e4 ja organisaation k\u00e4sikirjassa; mittareita seurataan s\u00e4\u00e4nn\u00f6llisesti.<\/p>\t\t\t\t\t\t\t\t<\/div>\n\t\t\t\t\t<\/div>\n\t\t\t\t<\/div>\n\t\t\t\t<\/div>","protected":false},"excerpt":{"rendered":"<p>Saloton Oy, ymp\u00e4rist\u00f6lupaus Saloton Oy sitoutuu kehitt\u00e4m\u00e4\u00e4n ja seuraamaan ymp\u00e4rist\u00f6asioita osana palvelutuotantoa. Ty\u00f6n ytimess\u00e4 on kiinteist\u00f6jen loka-, sadevesi- ja rasvakaivojen sek\u00e4 vastaavien j\u00e4te- ja viem\u00e4rij\u00e4rjestelmien huolto ja tyhjennys: n\u00e4ill\u00e4 toimenpiteill\u00e4 ehk\u00e4ist\u00e4\u00e4n tukoksia, vuotoja ja ei-toivottua kuormitusta viem\u00e4reihin ja ymp\u00e4rist\u00f6\u00f6n, kun ty\u00f6 tehd\u00e4\u00e4n ohjeiden ja voimassa olevan s\u00e4\u00e4ntelyn mukaisesti. Kiinteist\u00f6jen vesi- ja viem\u00e4ripalveluissa, kuivauksessa, imuroinnissa ja [&hellip;]<\/p>\n","protected":false},"author":2,"featured_media":0,"parent":0,"menu_order":0,"comment_status":"closed","ping_status":"closed","template":"","meta":{"footnotes":""},"class_list":["post-6550","page","type-page","status-publish","hentry"],"yoast_head":"<!-- This site is optimized with the Yoast SEO plugin v27.4 - https:\/\/yoast.com\/product\/yoast-seo-wordpress\/ -->\n<title>ymp\u00e4rist\u00f6 - Saloton Oy kiinteist\u00f6nhuollon ammattilainen<\/title>\n<meta name=\"robots\" content=\"index, follow, max-snippet:-1, max-image-preview:large, max-video-preview:-1\" \/>\n<link rel=\"canonical\" href=\"https:\/\/www.saloton.fi\/en\/ymparisto\/\" \/>\n<meta property=\"og:locale\" content=\"en_GB\" \/>\n<meta property=\"og:type\" content=\"article\" \/>\n<meta property=\"og:title\" content=\"ymp\u00e4rist\u00f6 - Saloton Oy kiinteist\u00f6nhuollon ammattilainen\" \/>\n<meta property=\"og:description\" content=\"Saloton Oy, ymp\u00e4rist\u00f6lupaus Saloton Oy sitoutuu kehitt\u00e4m\u00e4\u00e4n ja seuraamaan ymp\u00e4rist\u00f6asioita osana palvelutuotantoa. Ty\u00f6n ytimess\u00e4 on kiinteist\u00f6jen loka-, sadevesi- ja rasvakaivojen sek\u00e4 vastaavien j\u00e4te- ja viem\u00e4rij\u00e4rjestelmien huolto ja tyhjennys: n\u00e4ill\u00e4 toimenpiteill\u00e4 ehk\u00e4ist\u00e4\u00e4n tukoksia, vuotoja ja ei-toivottua kuormitusta viem\u00e4reihin ja ymp\u00e4rist\u00f6\u00f6n, kun ty\u00f6 tehd\u00e4\u00e4n ohjeiden ja voimassa olevan s\u00e4\u00e4ntelyn mukaisesti. Kiinteist\u00f6jen vesi- ja viem\u00e4ripalveluissa, kuivauksessa, imuroinnissa ja [&hellip;]\" \/>\n<meta property=\"og:url\" content=\"https:\/\/www.saloton.fi\/en\/ymparisto\/\" \/>\n<meta property=\"og:site_name\" content=\"Saloton Oy kiinteist\u00f6nhuollon ammattilainen\" \/>\n<meta property=\"article:publisher\" content=\"https:\/\/fi-fi.facebook.com\/saloton\/\" \/>\n<meta property=\"article:modified_time\" content=\"2026-04-21T07:56:06+00:00\" \/>\n<meta name=\"twitter:card\" content=\"summary_large_image\" \/>\n<meta name=\"twitter:label1\" content=\"Estimated reading time\" \/>\n\t<meta name=\"twitter:data1\" content=\"1 minute\" \/>\n<script type=\"application\/ld+json\" class=\"yoast-schema-graph\">{\"@context\":\"https:\\\/\\\/schema.org\",\"@graph\":[{\"@type\":\"WebPage\",\"@id\":\"https:\\\/\\\/www.saloton.fi\\\/ymparisto\\\/\",\"url\":\"https:\\\/\\\/www.saloton.fi\\\/ymparisto\\\/\",\"name\":\"ymp\u00e4rist\u00f6 - Saloton Oy kiinteist\u00f6nhuollon ammattilainen\",\"isPartOf\":{\"@id\":\"https:\\\/\\\/www.saloton.fi\\\/#website\"},\"datePublished\":\"2026-04-21T07:45:52+00:00\",\"dateModified\":\"2026-04-21T07:56:06+00:00\",\"breadcrumb\":{\"@id\":\"https:\\\/\\\/www.saloton.fi\\\/ymparisto\\\/#breadcrumb\"},\"inLanguage\":\"en-GB\",\"potentialAction\":[{\"@type\":\"ReadAction\",\"target\":[\"https:\\\/\\\/www.saloton.fi\\\/ymparisto\\\/\"]}]},{\"@type\":\"BreadcrumbList\",\"@id\":\"https:\\\/\\\/www.saloton.fi\\\/ymparisto\\\/#breadcrumb\",\"itemListElement\":[{\"@type\":\"ListItem\",\"position\":1,\"name\":\"Etusivu\",\"item\":\"https:\\\/\\\/www.saloton.fi\\\/\"},{\"@type\":\"ListItem\",\"position\":2,\"name\":\"ymp\u00e4rist\u00f6\"}]},{\"@type\":\"WebSite\",\"@id\":\"https:\\\/\\\/www.saloton.fi\\\/#website\",\"url\":\"https:\\\/\\\/www.saloton.fi\\\/\",\"name\":\"Saloton Oy\",\"description\":\"\",\"publisher\":{\"@id\":\"https:\\\/\\\/www.saloton.fi\\\/#organization\"},\"potentialAction\":[{\"@type\":\"SearchAction\",\"target\":{\"@type\":\"EntryPoint\",\"urlTemplate\":\"https:\\\/\\\/www.saloton.fi\\\/?s={search_term_string}\"},\"query-input\":{\"@type\":\"PropertyValueSpecification\",\"valueRequired\":true,\"valueName\":\"search_term_string\"}}],\"inLanguage\":\"en-GB\"},{\"@type\":\"Organization\",\"@id\":\"https:\\\/\\\/www.saloton.fi\\\/#organization\",\"name\":\"Saloton Oy\",\"url\":\"https:\\\/\\\/www.saloton.fi\\\/\",\"logo\":{\"@type\":\"ImageObject\",\"inLanguage\":\"en-GB\",\"@id\":\"https:\\\/\\\/www.saloton.fi\\\/#\\\/schema\\\/logo\\\/image\\\/\",\"url\":\"http:\\\/\\\/www.saloton.fi\\\/wp-content\\\/uploads\\\/2024\\\/04\\\/salotonrgb.png\",\"contentUrl\":\"http:\\\/\\\/www.saloton.fi\\\/wp-content\\\/uploads\\\/2024\\\/04\\\/salotonrgb.png\",\"width\":1920,\"height\":577,\"caption\":\"Saloton Oy\"},\"image\":{\"@id\":\"https:\\\/\\\/www.saloton.fi\\\/#\\\/schema\\\/logo\\\/image\\\/\"},\"sameAs\":[\"https:\\\/\\\/fi-fi.facebook.com\\\/saloton\\\/\",\"https:\\\/\\\/www.youtube.com\\\/channel\\\/UCY1A67fJ1mU61kXjzIlLAxA\\\/featured\",\"https:\\\/\\\/www.instagram.com\\\/saloton_oy\\\/\"]}]}<\/script>\n<!-- \/ Yoast SEO plugin. -->","yoast_head_json":{"title":"ymp\u00e4rist\u00f6 - Saloton Oy kiinteist\u00f6nhuollon ammattilainen","robots":{"index":"index","follow":"follow","max-snippet":"max-snippet:-1","max-image-preview":"max-image-preview:large","max-video-preview":"max-video-preview:-1"},"canonical":"https:\/\/www.saloton.fi\/en\/ymparisto\/","og_locale":"en_GB","og_type":"article","og_title":"ymp\u00e4rist\u00f6 - Saloton Oy kiinteist\u00f6nhuollon ammattilainen","og_description":"Saloton Oy, ymp\u00e4rist\u00f6lupaus Saloton Oy sitoutuu kehitt\u00e4m\u00e4\u00e4n ja seuraamaan ymp\u00e4rist\u00f6asioita osana palvelutuotantoa. Ty\u00f6n ytimess\u00e4 on kiinteist\u00f6jen loka-, sadevesi- ja rasvakaivojen sek\u00e4 vastaavien j\u00e4te- ja viem\u00e4rij\u00e4rjestelmien huolto ja tyhjennys: n\u00e4ill\u00e4 toimenpiteill\u00e4 ehk\u00e4ist\u00e4\u00e4n tukoksia, vuotoja ja ei-toivottua kuormitusta viem\u00e4reihin ja ymp\u00e4rist\u00f6\u00f6n, kun ty\u00f6 tehd\u00e4\u00e4n ohjeiden ja voimassa olevan s\u00e4\u00e4ntelyn mukaisesti. Kiinteist\u00f6jen vesi- ja viem\u00e4ripalveluissa, kuivauksessa, imuroinnissa ja [&hellip;]","og_url":"https:\/\/www.saloton.fi\/en\/ymparisto\/","og_site_name":"Saloton Oy kiinteist\u00f6nhuollon ammattilainen","article_publisher":"https:\/\/fi-fi.facebook.com\/saloton\/","article_modified_time":"2026-04-21T07:56:06+00:00","twitter_card":"summary_large_image","twitter_misc":{"Estimated reading time":"1 minute"},"schema":{"@context":"https:\/\/schema.org","@graph":[{"@type":"WebPage","@id":"https:\/\/www.saloton.fi\/ymparisto\/","url":"https:\/\/www.saloton.fi\/ymparisto\/","name":"ymp\u00e4rist\u00f6 - Saloton Oy kiinteist\u00f6nhuollon ammattilainen","isPartOf":{"@id":"https:\/\/www.saloton.fi\/#website"},"datePublished":"2026-04-21T07:45:52+00:00","dateModified":"2026-04-21T07:56:06+00:00","breadcrumb":{"@id":"https:\/\/www.saloton.fi\/ymparisto\/#breadcrumb"},"inLanguage":"en-GB","potentialAction":[{"@type":"ReadAction","target":["https:\/\/www.saloton.fi\/ymparisto\/"]}]},{"@type":"BreadcrumbList","@id":"https:\/\/www.saloton.fi\/ymparisto\/#breadcrumb","itemListElement":[{"@type":"ListItem","position":1,"name":"Etusivu","item":"https:\/\/www.saloton.fi\/"},{"@type":"ListItem","position":2,"name":"ymp\u00e4rist\u00f6"}]},{"@type":"WebSite","@id":"https:\/\/www.saloton.fi\/#website","url":"https:\/\/www.saloton.fi\/","name":"Saloton Oy","description":"","publisher":{"@id":"https:\/\/www.saloton.fi\/#organization"},"potentialAction":[{"@type":"SearchAction","target":{"@type":"EntryPoint","urlTemplate":"https:\/\/www.saloton.fi\/?s={search_term_string}"},"query-input":{"@type":"PropertyValueSpecification","valueRequired":true,"valueName":"search_term_string"}}],"inLanguage":"en-GB"},{"@type":"Organization","@id":"https:\/\/www.saloton.fi\/#organization","name":"Saloton Oy","url":"https:\/\/www.saloton.fi\/","logo":{"@type":"ImageObject","inLanguage":"en-GB","@id":"https:\/\/www.saloton.fi\/#\/schema\/logo\/image\/","url":"http:\/\/www.saloton.fi\/wp-content\/uploads\/2024\/04\/salotonrgb.png","contentUrl":"http:\/\/www.saloton.fi\/wp-content\/uploads\/2024\/04\/salotonrgb.png","width":1920,"height":577,"caption":"Saloton Oy"},"image":{"@id":"https:\/\/www.saloton.fi\/#\/schema\/logo\/image\/"},"sameAs":["https:\/\/fi-fi.facebook.com\/saloton\/","https:\/\/www.youtube.com\/channel\/UCY1A67fJ1mU61kXjzIlLAxA\/featured","https:\/\/www.instagram.com\/saloton_oy\/"]}]}},"_links":{"self":[{"href":"https:\/\/www.saloton.fi\/en\/wp-json\/wp\/v2\/pages\/6550","targetHints":{"allow":["GET"]}}],"collection":[{"href":"https:\/\/www.saloton.fi\/en\/wp-json\/wp\/v2\/pages"}],"about":[{"href":"https:\/\/www.saloton.fi\/en\/wp-json\/wp\/v2\/types\/page"}],"author":[{"embeddable":true,"href":"https:\/\/www.saloton.fi\/en\/wp-json\/wp\/v2\/users\/2"}],"replies":[{"embeddable":true,"href":"https:\/\/www.saloton.fi\/en\/wp-json\/wp\/v2\/comments?post=6550"}],"version-history":[{"count":13,"href":"https:\/\/www.saloton.fi\/en\/wp-json\/wp\/v2\/pages\/6550\/revisions"}],"predecessor-version":[{"id":6564,"href":"https:\/\/www.saloton.fi\/en\/wp-json\/wp\/v2\/pages\/6550\/revisions\/6564"}],"wp:attachment":[{"href":"https:\/\/www.saloton.fi\/en\/wp-json\/wp\/v2\/media?parent=6550"}],"curies":[{"name":"wp","href":"https:\/\/api.w.org\/{rel}","templated":true}]}}