{"id":5043,"date":"2026-03-19T11:15:10","date_gmt":"2026-03-19T09:15:10","guid":{"rendered":"https:\/\/www.saloton.fi\/?page_id=5043"},"modified":"2026-04-12T18:19:03","modified_gmt":"2026-04-12T15:19:03","slug":"rahoitus","status":"publish","type":"page","link":"https:\/\/www.saloton.fi\/en\/rahoitus\/","title":{"rendered":"Rahoitus"},"content":{"rendered":"\t\t<div data-elementor-type=\"wp-page\" data-elementor-id=\"5043\" class=\"elementor elementor-5043\" data-elementor-post-type=\"page\">\n\t\t\t\t<div class=\"elementor-element elementor-element-6610b548 e-con-full e-flex e-con e-parent\" data-id=\"6610b548\" data-element_type=\"container\" data-e-type=\"container\" data-settings=\"{&quot;sticky&quot;:&quot;bottom&quot;,&quot;sticky_on&quot;:[&quot;desktop&quot;,&quot;tablet&quot;,&quot;mobile&quot;],&quot;sticky_offset&quot;:0,&quot;sticky_effects_offset&quot;:0,&quot;sticky_anchor_link_offset&quot;:0}\">\n\t\t\t\t<div class=\"elementor-element elementor-element-3753fb49 elementor-absolute elementor-widget elementor-widget-image\" data-id=\"3753fb49\" data-element_type=\"widget\" data-e-type=\"widget\" data-settings=\"{&quot;_position&quot;:&quot;absolute&quot;}\" data-widget_type=\"image.default\">\n\t\t\t\t\t\t\t\t\t\t\t\t\t\t\t<img fetchpriority=\"high\" decoding=\"async\" width=\"274\" height=\"266\" src=\"https:\/\/www.saloton.fi\/wp-content\/uploads\/2026\/01\/SuomalPalvelua_ValkNega_small.png\" class=\"attachment-large size-large wp-image-4038\" alt=\"\" \/>\t\t\t\t\t\t\t\t\t\t\t\t\t\t\t<\/div>\n\t\t\t\t<\/div>\n\t\t<div class=\"elementor-element elementor-element-3f3bbdd1 animated-fast e-con-full e-flex elementor-invisible e-con e-parent\" data-id=\"3f3bbdd1\" data-element_type=\"container\" data-e-type=\"container\" data-settings=\"{&quot;background_background&quot;:&quot;classic&quot;,&quot;animation&quot;:&quot;fadeIn&quot;,&quot;animation_delay&quot;:20}\">\n\t\t<div class=\"elementor-element elementor-element-c24a612 e-con-full e-flex e-con e-child\" data-id=\"c24a612\" data-element_type=\"container\" data-e-type=\"container\">\n\t\t\t\t<div class=\"elementor-element elementor-element-a225c73 elementor-widget__width-initial animated-fast elementor-invisible elementor-widget elementor-widget-heading\" data-id=\"a225c73\" data-element_type=\"widget\" data-e-type=\"widget\" data-settings=\"{&quot;_animation&quot;:&quot;fadeInLeft&quot;,&quot;_animation_delay&quot;:1000}\" data-widget_type=\"heading.default\">\n\t\t\t\t\t<h2 class=\"elementor-heading-title elementor-size-default\">Rahoitus kaikkiin<br> tarpeisiisi!<\/h2>\t\t\t\t<\/div>\n\t\t\t\t<\/div>\n\t\t\t\t<\/div>\n\t\t<div class=\"elementor-element elementor-element-2520102d elementor-hidden-desktop elementor-hidden-tablet elementor-hidden-mobile e-flex e-con-boxed e-con e-parent\" data-id=\"2520102d\" data-element_type=\"container\" data-e-type=\"container\" data-settings=\"{&quot;background_background&quot;:&quot;classic&quot;,&quot;animation_mobile&quot;:&quot;none&quot;}\">\n\t\t\t\t\t<div class=\"e-con-inner\">\n\t\t\t\t<div class=\"elementor-element elementor-element-6033f1cf elementor-hidden-desktop elementor-hidden-tablet elementor-widget elementor-widget-spacer\" data-id=\"6033f1cf\" data-element_type=\"widget\" data-e-type=\"widget\" data-widget_type=\"spacer.default\">\n\t\t\t\t\t\t\t<div class=\"elementor-spacer\">\n\t\t\t<div class=\"elementor-spacer-inner\"><\/div>\n\t\t<\/div>\n\t\t\t\t\t\t<\/div>\n\t\t\t\t\t<\/div>\n\t\t\t\t<\/div>\n\t\t<div class=\"elementor-element elementor-element-53a272df animated-fast e-flex e-con-boxed elementor-invisible e-con e-parent\" data-id=\"53a272df\" data-element_type=\"container\" data-e-type=\"container\" data-settings=\"{&quot;background_background&quot;:&quot;classic&quot;,&quot;animation&quot;:&quot;fadeInUp&quot;}\">\n\t\t\t\t\t<div class=\"e-con-inner\">\n\t\t<div class=\"elementor-element elementor-element-78f2f7c4 e-flex e-con-boxed e-con e-child\" data-id=\"78f2f7c4\" data-element_type=\"container\" data-e-type=\"container\" data-settings=\"{&quot;background_background&quot;:&quot;classic&quot;}\">\n\t\t\t\t\t<div class=\"e-con-inner\">\n\t\t\t\t<div class=\"elementor-element elementor-element-6e012102 elementor-mobile-align-center elementor-hidden-desktop elementor-hidden-tablet elementor-widget elementor-widget-button\" data-id=\"6e012102\" data-element_type=\"widget\" data-e-type=\"widget\" data-widget_type=\"button.default\">\n\t\t\t\t\t\t\t\t\t\t<a class=\"elementor-button elementor-button-link elementor-size-sm\" href=\"tel:+358103366199\">\n\t\t\t\t\t\t<span class=\"elementor-button-content-wrapper\">\n\t\t\t\t\t\t<span class=\"elementor-button-icon\">\n\t\t\t\t<svg aria-hidden=\"true\" class=\"e-font-icon-svg e-fas-phone-alt\" viewBox=\"0 0 512 512\" xmlns=\"http:\/\/www.w3.org\/2000\/svg\"><path d=\"M497.39 361.8l-112-48a24 24 0 0 0-28 6.9l-49.6 60.6A370.66 370.66 0 0 1 130.6 204.11l60.6-49.6a23.94 23.94 0 0 0 6.9-28l-48-112A24.16 24.16 0 0 0 122.6.61l-104 24A24 24 0 0 0 0 48c0 256.5 207.9 464 464 464a24 24 0 0 0 23.4-18.6l24-104a24.29 24.29 0 0 0-14.01-27.6z\"><\/path><\/svg>\t\t\t<\/span>\n\t\t\t\t\t\t\t\t\t<span class=\"elementor-button-text\">010 336 6199<\/span>\n\t\t\t\t\t<\/span>\n\t\t\t\t\t<\/a>\n\t\t\t\t\t\t\t\t<\/div>\n\t\t\t\t<div class=\"elementor-element elementor-element-f941ac9 elementor-widget elementor-widget-heading\" data-id=\"f941ac9\" data-element_type=\"widget\" data-e-type=\"widget\" data-widget_type=\"heading.default\">\n\t\t\t\t\t<h1 class=\"elementor-heading-title elementor-size-default\">Rahoitus<\/h1>\t\t\t\t<\/div>\n\t\t\t\t<div class=\"elementor-element elementor-element-643f45c9 elementor-widget elementor-widget-text-editor\" data-id=\"643f45c9\" data-element_type=\"widget\" data-e-type=\"widget\" data-widget_type=\"text-editor.default\">\n\t\t\t\t\t\t\t\t\t<p>Hoida hankintasi vaivatta OP:n rahoituksella. Laske itsellesi sopiva kuukausier\u00e4 allaolevalla laskurilla ja t\u00e4yt\u00e4 hakemus helposti. Klikkaa &#8221;Tutustu ja hae&#8221;, niin p\u00e4\u00e4set t\u00e4ytt\u00e4m\u00e4\u00e4n rahoitushakemuksen.<\/p>\t\t\t\t\t\t\t\t<\/div>\n\t\t\t\t\t<\/div>\n\t\t\t\t<\/div>\n\t\t\t\t\t<\/div>\n\t\t\t\t<\/div>\n\t\t<div class=\"elementor-element elementor-element-1de8c95 e-flex e-con-boxed e-con e-parent\" data-id=\"1de8c95\" data-element_type=\"container\" data-e-type=\"container\" data-settings=\"{&quot;background_background&quot;:&quot;classic&quot;}\">\n\t\t\t\t\t<div class=\"e-con-inner\">\n\t\t<div class=\"elementor-element elementor-element-96d03f3 e-con-full e-flex e-con e-child\" data-id=\"96d03f3\" data-element_type=\"container\" data-e-type=\"container\">\n\t\t\t\t<\/div>\n\t\t<div class=\"elementor-element elementor-element-d36b0df e-con-full e-flex e-con e-child\" data-id=\"d36b0df\" data-element_type=\"container\" data-e-type=\"container\">\n\t\t\t\t<div class=\"elementor-element elementor-element-27e5614 elementor-widget elementor-widget-op-laskuri\" data-id=\"27e5614\" data-element_type=\"widget\" data-e-type=\"widget\" data-widget_type=\"op-laskuri.default\">\n\t\t\t\t<div class=\"elementor-widget-container\">\n\t\t\t\t\t<div id=\"op-keti-init-content\"><\/div>\t\t\t\t<\/div>\n\t\t\t\t<\/div>\n\t\t\t\t<\/div>\n\t\t<div class=\"elementor-element elementor-element-1800a7dd e-con-full e-flex e-con e-child\" data-id=\"1800a7dd\" data-element_type=\"container\" data-e-type=\"container\">\n\t\t\t\t<\/div>\n\t\t\t\t\t<\/div>\n\t\t\t\t<\/div>\n\t\t<div class=\"elementor-element elementor-element-40796577 e-grid e-con-boxed e-con e-parent\" data-id=\"40796577\" data-element_type=\"container\" data-e-type=\"container\" data-settings=\"{&quot;background_background&quot;:&quot;classic&quot;}\">\n\t\t\t\t\t<div class=\"e-con-inner\">\n\t\t<div class=\"elementor-element elementor-element-1d333dcc e-con-full e-flex e-con e-child\" data-id=\"1d333dcc\" data-element_type=\"container\" data-e-type=\"container\" data-settings=\"{&quot;background_background&quot;:&quot;classic&quot;}\">\n\t\t\t\t<\/div>\n\t\t<div class=\"elementor-element elementor-element-57c24d84 e-con-full e-flex e-con e-child\" data-id=\"57c24d84\" data-element_type=\"container\" data-e-type=\"container\" data-settings=\"{&quot;background_background&quot;:&quot;classic&quot;,&quot;shape_divider_bottom&quot;:&quot;opacity-tilt&quot;}\">\n\t\t\t\t<div class=\"elementor-shape elementor-shape-bottom\" aria-hidden=\"true\" data-negative=\"false\">\n\t\t\t<svg xmlns=\"http:\/\/www.w3.org\/2000\/svg\" viewBox=\"0 0 2600 131.1\" preserveAspectRatio=\"none\">\n\t<path class=\"elementor-shape-fill\" d=\"M0 0L2600 0 2600 69.1 0 0z\"\/>\n\t<path class=\"elementor-shape-fill\" style=\"opacity:0.5\" d=\"M0 0L2600 0 2600 69.1 0 69.1z\"\/>\n\t<path class=\"elementor-shape-fill\" style=\"opacity:0.25\" d=\"M2600 0L0 0 0 130.1 2600 69.1z\"\/>\n<\/svg>\t\t<\/div>\n\t\t\t\t<div class=\"elementor-element elementor-element-33dc785f elementor-widget elementor-widget-text-editor\" data-id=\"33dc785f\" data-element_type=\"widget\" data-e-type=\"widget\" data-widget_type=\"text-editor.default\">\n\t\t\t\t\t\t\t\t\t<p>\u2022Rahoitus 2 500\u201350 000 \u20ac.<br \/>\u2022Joustava takaisinmaksuaika.<br \/>\u2022Korko OP-prime + 6,95 %*.<br \/>\u2022Laskutuspalkkio 7 \u20ac\/kk.<br \/>\u2022Kuukausi korotonta ja kulutonta maksuaikaa.<br \/>\u2022Voit maksaa koko luoton kerralla pois ilman lis\u00e4kuluja.<br \/>\u2022Osuuspankin omistaja-asiakkaana luotosta kertyy OP-bonuksia. Lue lis\u00e4\u00e4 op.fi\/op-bonus.<\/p>\t\t\t\t\t\t\t\t<\/div>\n\t\t\t\t<\/div>\n\t\t\t\t\t<\/div>\n\t\t\t\t<\/div>\n\t\t<div class=\"elementor-element elementor-element-70f4d994 e-flex e-con-boxed e-con e-parent\" data-id=\"70f4d994\" data-element_type=\"container\" data-e-type=\"container\" data-settings=\"{&quot;background_background&quot;:&quot;classic&quot;}\">\n\t\t\t\t\t<div class=\"e-con-inner\">\n\t\t\t\t<div class=\"elementor-element elementor-element-2aea5586 elementor-widget elementor-widget-html\" data-id=\"2aea5586\" data-element_type=\"widget\" data-e-type=\"widget\" data-widget_type=\"html.default\">\n\t\t\t\t\t<script defer async src='https:\/\/cdn.trustindex.io\/loader.js?ab24857533c9583ddc26d58506c'><\/script>\t\t\t\t<\/div>\n\t\t\t\t\t<\/div>\n\t\t\t\t<\/div>\n\t\t\t\t<\/div>\n\t\t","protected":false},"excerpt":{"rendered":"<p>Rahoitus kaikkiin tarpeisiisi! 010 336 6199 Rahoitus Hoida hankintasi vaivatta OP:n rahoituksella. Laske itsellesi sopiva kuukausier\u00e4 allaolevalla laskurilla ja t\u00e4yt\u00e4 hakemus helposti. Klikkaa &#8221;Tutustu ja hae&#8221;, niin p\u00e4\u00e4set t\u00e4ytt\u00e4m\u00e4\u00e4n rahoitushakemuksen. OP Laskuri: vain yksi laskuri tyyppi\u00e4 kohden on sallittu sivulla. \u2022Rahoitus 2 500\u201350 000 \u20ac.\u2022Joustava takaisinmaksuaika.\u2022Korko OP-prime + 6,95 %*.\u2022Laskutuspalkkio 7 \u20ac\/kk.\u2022Kuukausi korotonta ja kulutonta [&hellip;]<\/p>\n","protected":false},"author":2,"featured_media":0,"parent":0,"menu_order":0,"comment_status":"closed","ping_status":"closed","template":"","meta":{"footnotes":""},"class_list":["post-5043","page","type-page","status-publish","hentry"],"yoast_head":"<!-- This site is optimized with the Yoast SEO plugin v27.5 - https:\/\/yoast.com\/product\/yoast-seo-wordpress\/ -->\n<title>Rahoitus - Saloton Oy kiinteist\u00f6nhuollon ammattilainen<\/title>\n<meta name=\"robots\" content=\"index, follow, max-snippet:-1, max-image-preview:large, max-video-preview:-1\" \/>\n<link rel=\"canonical\" href=\"https:\/\/www.saloton.fi\/en\/rahoitus\/\" \/>\n<meta property=\"og:locale\" content=\"en_GB\" \/>\n<meta property=\"og:type\" content=\"article\" \/>\n<meta property=\"og:title\" content=\"Rahoitus - Saloton Oy kiinteist\u00f6nhuollon ammattilainen\" \/>\n<meta property=\"og:description\" content=\"Rahoitus kaikkiin tarpeisiisi! 010 336 6199 Rahoitus Hoida hankintasi vaivatta OP:n rahoituksella. Laske itsellesi sopiva kuukausier\u00e4 allaolevalla laskurilla ja t\u00e4yt\u00e4 hakemus helposti. Klikkaa &#8221;Tutustu ja hae&#8221;, niin p\u00e4\u00e4set t\u00e4ytt\u00e4m\u00e4\u00e4n rahoitushakemuksen. OP Laskuri: vain yksi laskuri tyyppi\u00e4 kohden on sallittu sivulla. \u2022Rahoitus 2 500\u201350 000 \u20ac.\u2022Joustava takaisinmaksuaika.\u2022Korko OP-prime + 6,95 %*.\u2022Laskutuspalkkio 7 \u20ac\/kk.\u2022Kuukausi korotonta ja kulutonta [&hellip;]\" \/>\n<meta property=\"og:url\" content=\"https:\/\/www.saloton.fi\/en\/rahoitus\/\" \/>\n<meta property=\"og:site_name\" content=\"Saloton Oy kiinteist\u00f6nhuollon ammattilainen\" \/>\n<meta property=\"article:publisher\" content=\"https:\/\/fi-fi.facebook.com\/saloton\/\" \/>\n<meta property=\"article:modified_time\" content=\"2026-04-12T15:19:03+00:00\" \/>\n<meta property=\"og:image\" content=\"https:\/\/www.saloton.fi\/wp-content\/uploads\/2026\/01\/SuomalPalvelua_ValkNega_small.png\" \/>\n\t<meta property=\"og:image:width\" content=\"274\" \/>\n\t<meta property=\"og:image:height\" content=\"266\" \/>\n\t<meta property=\"og:image:type\" content=\"image\/png\" \/>\n<meta name=\"twitter:card\" content=\"summary_large_image\" \/>\n<meta name=\"twitter:label1\" content=\"Estimated reading time\" \/>\n\t<meta name=\"twitter:data1\" content=\"1 minute\" \/>\n<script type=\"application\/ld+json\" class=\"yoast-schema-graph\">{\"@context\":\"https:\\\/\\\/schema.org\",\"@graph\":[{\"@type\":\"WebPage\",\"@id\":\"https:\\\/\\\/www.saloton.fi\\\/rahoitus\\\/\",\"url\":\"https:\\\/\\\/www.saloton.fi\\\/rahoitus\\\/\",\"name\":\"Rahoitus - Saloton Oy kiinteist\u00f6nhuollon ammattilainen\",\"isPartOf\":{\"@id\":\"https:\\\/\\\/www.saloton.fi\\\/#website\"},\"primaryImageOfPage\":{\"@id\":\"https:\\\/\\\/www.saloton.fi\\\/rahoitus\\\/#primaryimage\"},\"image\":{\"@id\":\"https:\\\/\\\/www.saloton.fi\\\/rahoitus\\\/#primaryimage\"},\"thumbnailUrl\":\"https:\\\/\\\/www.saloton.fi\\\/wp-content\\\/uploads\\\/2026\\\/01\\\/SuomalPalvelua_ValkNega_small.png\",\"datePublished\":\"2026-03-19T09:15:10+00:00\",\"dateModified\":\"2026-04-12T15:19:03+00:00\",\"breadcrumb\":{\"@id\":\"https:\\\/\\\/www.saloton.fi\\\/rahoitus\\\/#breadcrumb\"},\"inLanguage\":\"en-GB\",\"potentialAction\":[{\"@type\":\"ReadAction\",\"target\":[\"https:\\\/\\\/www.saloton.fi\\\/rahoitus\\\/\"]}]},{\"@type\":\"ImageObject\",\"inLanguage\":\"en-GB\",\"@id\":\"https:\\\/\\\/www.saloton.fi\\\/rahoitus\\\/#primaryimage\",\"url\":\"https:\\\/\\\/www.saloton.fi\\\/wp-content\\\/uploads\\\/2026\\\/01\\\/SuomalPalvelua_ValkNega_small.png\",\"contentUrl\":\"https:\\\/\\\/www.saloton.fi\\\/wp-content\\\/uploads\\\/2026\\\/01\\\/SuomalPalvelua_ValkNega_small.png\"},{\"@type\":\"BreadcrumbList\",\"@id\":\"https:\\\/\\\/www.saloton.fi\\\/rahoitus\\\/#breadcrumb\",\"itemListElement\":[{\"@type\":\"ListItem\",\"position\":1,\"name\":\"Etusivu\",\"item\":\"https:\\\/\\\/www.saloton.fi\\\/\"},{\"@type\":\"ListItem\",\"position\":2,\"name\":\"Rahoitus\"}]},{\"@type\":\"WebSite\",\"@id\":\"https:\\\/\\\/www.saloton.fi\\\/#website\",\"url\":\"https:\\\/\\\/www.saloton.fi\\\/\",\"name\":\"Saloton Oy\",\"description\":\"\",\"publisher\":{\"@id\":\"https:\\\/\\\/www.saloton.fi\\\/#organization\"},\"potentialAction\":[{\"@type\":\"SearchAction\",\"target\":{\"@type\":\"EntryPoint\",\"urlTemplate\":\"https:\\\/\\\/www.saloton.fi\\\/?s={search_term_string}\"},\"query-input\":{\"@type\":\"PropertyValueSpecification\",\"valueRequired\":true,\"valueName\":\"search_term_string\"}}],\"inLanguage\":\"en-GB\"},{\"@type\":\"Organization\",\"@id\":\"https:\\\/\\\/www.saloton.fi\\\/#organization\",\"name\":\"Saloton Oy\",\"url\":\"https:\\\/\\\/www.saloton.fi\\\/\",\"logo\":{\"@type\":\"ImageObject\",\"inLanguage\":\"en-GB\",\"@id\":\"https:\\\/\\\/www.saloton.fi\\\/#\\\/schema\\\/logo\\\/image\\\/\",\"url\":\"http:\\\/\\\/www.saloton.fi\\\/wp-content\\\/uploads\\\/2024\\\/04\\\/salotonrgb.png\",\"contentUrl\":\"http:\\\/\\\/www.saloton.fi\\\/wp-content\\\/uploads\\\/2024\\\/04\\\/salotonrgb.png\",\"width\":1920,\"height\":577,\"caption\":\"Saloton Oy\"},\"image\":{\"@id\":\"https:\\\/\\\/www.saloton.fi\\\/#\\\/schema\\\/logo\\\/image\\\/\"},\"sameAs\":[\"https:\\\/\\\/fi-fi.facebook.com\\\/saloton\\\/\",\"https:\\\/\\\/www.youtube.com\\\/channel\\\/UCY1A67fJ1mU61kXjzIlLAxA\\\/featured\",\"https:\\\/\\\/www.instagram.com\\\/saloton_oy\\\/\"]}]}<\/script>\n<!-- \/ Yoast SEO plugin. -->","yoast_head_json":{"title":"Rahoitus - Saloton Oy kiinteist\u00f6nhuollon ammattilainen","robots":{"index":"index","follow":"follow","max-snippet":"max-snippet:-1","max-image-preview":"max-image-preview:large","max-video-preview":"max-video-preview:-1"},"canonical":"https:\/\/www.saloton.fi\/en\/rahoitus\/","og_locale":"en_GB","og_type":"article","og_title":"Rahoitus - Saloton Oy kiinteist\u00f6nhuollon ammattilainen","og_description":"Rahoitus kaikkiin tarpeisiisi! 010 336 6199 Rahoitus Hoida hankintasi vaivatta OP:n rahoituksella. Laske itsellesi sopiva kuukausier\u00e4 allaolevalla laskurilla ja t\u00e4yt\u00e4 hakemus helposti. Klikkaa &#8221;Tutustu ja hae&#8221;, niin p\u00e4\u00e4set t\u00e4ytt\u00e4m\u00e4\u00e4n rahoitushakemuksen. OP Laskuri: vain yksi laskuri tyyppi\u00e4 kohden on sallittu sivulla. \u2022Rahoitus 2 500\u201350 000 \u20ac.\u2022Joustava takaisinmaksuaika.\u2022Korko OP-prime + 6,95 %*.\u2022Laskutuspalkkio 7 \u20ac\/kk.\u2022Kuukausi korotonta ja kulutonta [&hellip;]","og_url":"https:\/\/www.saloton.fi\/en\/rahoitus\/","og_site_name":"Saloton Oy kiinteist\u00f6nhuollon ammattilainen","article_publisher":"https:\/\/fi-fi.facebook.com\/saloton\/","article_modified_time":"2026-04-12T15:19:03+00:00","og_image":[{"width":274,"height":266,"url":"https:\/\/www.saloton.fi\/wp-content\/uploads\/2026\/01\/SuomalPalvelua_ValkNega_small.png","type":"image\/png"}],"twitter_card":"summary_large_image","twitter_misc":{"Estimated reading time":"1 minute"},"schema":{"@context":"https:\/\/schema.org","@graph":[{"@type":"WebPage","@id":"https:\/\/www.saloton.fi\/rahoitus\/","url":"https:\/\/www.saloton.fi\/rahoitus\/","name":"Rahoitus - Saloton Oy kiinteist\u00f6nhuollon ammattilainen","isPartOf":{"@id":"https:\/\/www.saloton.fi\/#website"},"primaryImageOfPage":{"@id":"https:\/\/www.saloton.fi\/rahoitus\/#primaryimage"},"image":{"@id":"https:\/\/www.saloton.fi\/rahoitus\/#primaryimage"},"thumbnailUrl":"https:\/\/www.saloton.fi\/wp-content\/uploads\/2026\/01\/SuomalPalvelua_ValkNega_small.png","datePublished":"2026-03-19T09:15:10+00:00","dateModified":"2026-04-12T15:19:03+00:00","breadcrumb":{"@id":"https:\/\/www.saloton.fi\/rahoitus\/#breadcrumb"},"inLanguage":"en-GB","potentialAction":[{"@type":"ReadAction","target":["https:\/\/www.saloton.fi\/rahoitus\/"]}]},{"@type":"ImageObject","inLanguage":"en-GB","@id":"https:\/\/www.saloton.fi\/rahoitus\/#primaryimage","url":"https:\/\/www.saloton.fi\/wp-content\/uploads\/2026\/01\/SuomalPalvelua_ValkNega_small.png","contentUrl":"https:\/\/www.saloton.fi\/wp-content\/uploads\/2026\/01\/SuomalPalvelua_ValkNega_small.png"},{"@type":"BreadcrumbList","@id":"https:\/\/www.saloton.fi\/rahoitus\/#breadcrumb","itemListElement":[{"@type":"ListItem","position":1,"name":"Etusivu","item":"https:\/\/www.saloton.fi\/"},{"@type":"ListItem","position":2,"name":"Rahoitus"}]},{"@type":"WebSite","@id":"https:\/\/www.saloton.fi\/#website","url":"https:\/\/www.saloton.fi\/","name":"Saloton Oy","description":"","publisher":{"@id":"https:\/\/www.saloton.fi\/#organization"},"potentialAction":[{"@type":"SearchAction","target":{"@type":"EntryPoint","urlTemplate":"https:\/\/www.saloton.fi\/?s={search_term_string}"},"query-input":{"@type":"PropertyValueSpecification","valueRequired":true,"valueName":"search_term_string"}}],"inLanguage":"en-GB"},{"@type":"Organization","@id":"https:\/\/www.saloton.fi\/#organization","name":"Saloton Oy","url":"https:\/\/www.saloton.fi\/","logo":{"@type":"ImageObject","inLanguage":"en-GB","@id":"https:\/\/www.saloton.fi\/#\/schema\/logo\/image\/","url":"http:\/\/www.saloton.fi\/wp-content\/uploads\/2024\/04\/salotonrgb.png","contentUrl":"http:\/\/www.saloton.fi\/wp-content\/uploads\/2024\/04\/salotonrgb.png","width":1920,"height":577,"caption":"Saloton Oy"},"image":{"@id":"https:\/\/www.saloton.fi\/#\/schema\/logo\/image\/"},"sameAs":["https:\/\/fi-fi.facebook.com\/saloton\/","https:\/\/www.youtube.com\/channel\/UCY1A67fJ1mU61kXjzIlLAxA\/featured","https:\/\/www.instagram.com\/saloton_oy\/"]}]}},"_links":{"self":[{"href":"https:\/\/www.saloton.fi\/en\/wp-json\/wp\/v2\/pages\/5043","targetHints":{"allow":["GET"]}}],"collection":[{"href":"https:\/\/www.saloton.fi\/en\/wp-json\/wp\/v2\/pages"}],"about":[{"href":"https:\/\/www.saloton.fi\/en\/wp-json\/wp\/v2\/types\/page"}],"author":[{"embeddable":true,"href":"https:\/\/www.saloton.fi\/en\/wp-json\/wp\/v2\/users\/2"}],"replies":[{"embeddable":true,"href":"https:\/\/www.saloton.fi\/en\/wp-json\/wp\/v2\/comments?post=5043"}],"version-history":[{"count":0,"href":"https:\/\/www.saloton.fi\/en\/wp-json\/wp\/v2\/pages\/5043\/revisions"}],"wp:attachment":[{"href":"https:\/\/www.saloton.fi\/en\/wp-json\/wp\/v2\/media?parent=5043"}],"curies":[{"name":"wp","href":"https:\/\/api.w.org\/{rel}","templated":true}]}}